{"id":113,"date":"2022-08-19T22:54:53","date_gmt":"2022-08-20T01:54:53","guid":{"rendered":"https:\/\/hdinfotech.com.br\/?page_id=113"},"modified":"2022-08-19T23:36:38","modified_gmt":"2022-08-20T02:36:38","slug":"bar-e-restaurante","status":"publish","type":"page","link":"https:\/\/hdinfotech.com.br\/?page_id=113","title":{"rendered":"Bar e Restaurante"},"content":{"rendered":"\n<div class=\"wp-block-uagb-image uagb-block-150c0ce4 wp-block-uagb-image--layout-default wp-block-uagb-image--effect-static wp-block-uagb-image--align-none\"><figure class=\"wp-block-uagb-image__figure\"><img loading=\"lazy\" srcset=\"https:\/\/hdinfotech.com.br\/wp-content\/uploads\/2022\/08\/WhatsApp-Image-2022-08-19-at-23.20.56.jpeg 1024w\" src=\"https:\/\/hdinfotech.com.br\/wp-content\/uploads\/2022\/08\/WhatsApp-Image-2022-08-19-at-23.20.56.jpeg\" alt=\"\" class=\"uag-image-127\" width=\"561\" height=\"233\" title=\"\"\/><\/figure><\/div>\n\n\n\n<p>Um atendimento eficiente e veloz no seu Food Service faz toda a diferen\u00e7a!<br>Com o nosso sistema voc\u00ea simplifica as suas vendas, usando um smartphone ou tablet,<br>o gar\u00e7om realiza os pedidos e envia as comandas da mesa direto para a cozinha. <br>Reduzindo erros nos pedidos e evitando deslocamento no sal\u00e3o.<\/p>\n\n\n\n<div class=\"wp-block-uagb-image uagb-block-23350bd1 wp-block-uagb-image--layout-default wp-block-uagb-image--effect-static wp-block-uagb-image--align-none\"><figure class=\"wp-block-uagb-image__figure\"><img loading=\"lazy\" srcset=\"https:\/\/hdinfotech.com.br\/wp-content\/uploads\/2022\/08\/WhatsApp-Image-2022-08-19-at-23.31.00.jpeg 1024w\" src=\"https:\/\/hdinfotech.com.br\/wp-content\/uploads\/2022\/08\/WhatsApp-Image-2022-08-19-at-23.31.00.jpeg\" alt=\"\" class=\"uag-image-129\" width=\"575\" height=\"254\" title=\"\"\/><\/figure><\/div>\n\n\n\n<p>Controle seu Delivery com muita mais efici\u00eancia e agilidade, e mais que uma ferramenta<br>de vendas!<\/p>\n","protected":false},"excerpt":{"rendered":"<p>Um atendimento eficiente e veloz no seu Food Service faz toda a diferen\u00e7a!Com o nosso sistema voc\u00ea simplifica as suas vendas, usando um smartphone ou tablet,o gar\u00e7om realiza os pedidos e envia as comandas da mesa direto para a cozinha. Reduzindo erros nos pedidos e evitando deslocamento no sal\u00e3o. Controle seu Delivery com muita mais &hellip;<\/p>\n<p class=\"read-more\"> <a class=\"\" href=\"https:\/\/hdinfotech.com.br\/?page_id=113\"> <span class=\"screen-reader-text\">Bar e Restaurante<\/span> Leia mais &raquo;<\/a><\/p>\n","protected":false},"author":1,"featured_media":0,"parent":0,"menu_order":0,"comment_status":"closed","ping_status":"closed","template":"","meta":{"_uag_custom_page_level_css":"","_mi_skip_tracking":false,"site-sidebar-layout":"default","site-content-layout":"default","ast-global-header-display":"","ast-main-header-display":"","ast-hfb-above-header-display":"","ast-hfb-below-header-display":"","ast-hfb-mobile-header-display":"","site-post-title":"","ast-breadcrumbs-content":"","ast-featured-img":"","footer-sml-layout":"","theme-transparent-header-meta":"default","adv-header-id-meta":"","stick-header-meta":"","header-above-stick-meta":"","header-main-stick-meta":"","header-below-stick-meta":"","_joinchat":[]},"uagb_featured_image_src":{"full":false,"thumbnail":false,"medium":false,"medium_large":false,"large":false,"1536x1536":false,"2048x2048":false},"uagb_author_info":{"display_name":"emiliohdinformatica@gmail.com","author_link":"https:\/\/hdinfotech.com.br\/?author=1"},"uagb_comment_info":0,"uagb_excerpt":"Um atendimento eficiente e veloz no seu Food Service faz toda a diferen\u00e7a!Com o nosso sistema voc\u00ea simplifica as suas vendas, usando um smartphone ou tablet,o gar\u00e7om realiza os pedidos e envia as comandas da mesa direto para a cozinha. Reduzindo erros nos pedidos e evitando deslocamento no sal\u00e3o. Controle seu Delivery com muita mais&hellip;","_links":{"self":[{"href":"https:\/\/hdinfotech.com.br\/index.php?rest_route=\/wp\/v2\/pages\/113"}],"collection":[{"href":"https:\/\/hdinfotech.com.br\/index.php?rest_route=\/wp\/v2\/pages"}],"about":[{"href":"https:\/\/hdinfotech.com.br\/index.php?rest_route=\/wp\/v2\/types\/page"}],"author":[{"embeddable":true,"href":"https:\/\/hdinfotech.com.br\/index.php?rest_route=\/wp\/v2\/users\/1"}],"replies":[{"embeddable":true,"href":"https:\/\/hdinfotech.com.br\/index.php?rest_route=%2Fwp%2Fv2%2Fcomments&post=113"}],"version-history":[{"count":2,"href":"https:\/\/hdinfotech.com.br\/index.php?rest_route=\/wp\/v2\/pages\/113\/revisions"}],"predecessor-version":[{"id":130,"href":"https:\/\/hdinfotech.com.br\/index.php?rest_route=\/wp\/v2\/pages\/113\/revisions\/130"}],"wp:attachment":[{"href":"https:\/\/hdinfotech.com.br\/index.php?rest_route=%2Fwp%2Fv2%2Fmedia&parent=113"}],"curies":[{"name":"wp","href":"https:\/\/api.w.org\/{rel}","templated":true}]}}